{"id":273,"date":"2022-12-15T12:52:25","date_gmt":"2022-12-15T11:52:25","guid":{"rendered":"http:\/\/judocamp.fr\/?page_id=273"},"modified":"2023-01-04T10:34:59","modified_gmt":"2023-01-04T09:34:59","slug":"mentions-legales","status":"publish","type":"page","link":"https:\/\/judocamp.fr\/mentions-legales\/","title":{"rendered":"Mentions l\u00e9gales"},"content":{"rendered":"\n<ul class=\"wp-block-list\"><\/ul>\n\n\n\n<p>Conform\u00e9ment aux dispositions des articles 6-III et 19 de la Loi n\u00b0 2004-575 du 21 juin 2004 pour la Confiance dans l\u2019\u00e9conomie num\u00e9rique, dite L.C.E.N., nous portons \u00e0 la connaissance des utilisateurs et visiteurs du site : <a href=\"http:\/\/www.marc-lavy.fr\" target=\"_blank\" rel=\"noreferrer noopener\">www.judocamp.fr<\/a> les informations suivantes :<\/p>\n\n\n\n<p><strong>1. Informations l\u00e9gales :<\/strong><\/p>\n\n\n\n<p>Le site <a href=\"http:\/\/www.mon-site.fr\">www.judocamp.fr<\/a> est la propri\u00e9t\u00e9 exclusive de <strong>Association Cap\u2019Aventures<\/strong>, qui l\u2019\u00e9dite.<br><strong>Cap\u2019Aventures<\/strong><br><strong>Association <\/strong>T\u00e9l : <strong>06 60 98 57 94<\/strong><strong><br>12 Rue Pierre Gard\u00e9, 44170 Treffieux<\/strong><br>Adresse de courrier \u00e9lectronique : <a href=\"mailto:email@mon-site.fr\">contact.judocamp@gmail.com<\/a><\/p>\n\n\n\n<p>Directeur de la publication : <strong>Cap\u2019Aventures<\/strong><br>Contactez le responsable de la publication : <a href=\"mailto:email@mon-site.fr\">contact.judocamp@gmail.com<\/a><\/p>\n\n\n\n<p>Le Webmaster est : <strong>Com L\u2019El\u00e9phant https:\/\/www.comlelephant.com<\/strong><br>Contacter le Webmaster : <strong>webmaster@comlelephant.com<\/strong><br>L\u2019h\u00e9bergeur du site est : <strong>OVH 2 rue Kellermann 59100 ROUBAIX<\/strong><br><strong>CREDIT : <\/strong>Les mentions l\u00e9gales ont \u00e9t\u00e9s g\u00e9n\u00e9r\u00e9es par<a href=\"https:\/\/www.generer-mentions-legales.com\/generateur-mentions-legales.html\" target=\"_blank\" rel=\"noreferrer noopener\"><strong>g\u00e9n\u00e9rateur de mentions legales<\/strong><\/a><\/p>\n\n\n\n<p><strong>2. Pr\u00e9sentation et principe :<\/strong><\/p>\n\n\n\n<p>Est d\u00e9sign\u00e9 ci-apr\u00e8s : <strong>Utilisateur<\/strong>, tout internaute se connectant et utilisant le site susnomm\u00e9 : <a href=\"http:\/\/www.marc-lavy.fr\" target=\"_blank\" rel=\"noreferrer noopener\">www.judocamp.fr<\/a>.<br>Le site www.judocamp.fr regroupe un ensemble de services, dans l\u2019\u00e9tat, mis \u00e0 la disposition des utilisateurs. Il est ici pr\u00e9cis\u00e9 que ces derniers doivent rester courtois et faire preuve de bonne foi tant envers les autres utilisateurs qu\u2019envers le webmaster du site www.judocamp.fr. Le site www.judocamp.fr est mis \u00e0 jour r\u00e9guli\u00e8rement par le responsable de publication.<br><strong>Cap Aventures<\/strong>s\u2019efforce de fournir sur le site www.judocamp.fr des informations les plus pr\u00e9cises possibles (sous r\u00e9serve de modifications apport\u00e9es depuis leur mise en ligne), mais ne saurait garantir l\u2019exactitude, la compl\u00e9tude et l\u2019actualit\u00e9 des informations diffus\u00e9es sur son site, qu\u2019elles soient de son fait ou du fait des tiers partenaires qui lui fournissent ces informations. En cons\u00e9quence, l\u2019utilisateur reconna\u00eet utiliser ces informations donn\u00e9es (\u00e0 titre indicatif, non exhaustives et susceptibles d\u2019\u00e9voluer) sous sa responsabilit\u00e9 exclusive.<\/p>\n\n\n\n<p><strong>3. Accessibilit\u00e9 :<\/strong><\/p>\n\n\n\n<p>Le site www.judocamp.fr est par principe accessible aux utilisateurs 24\/24h, 7\/7j, sauf interruption, programm\u00e9e ou non, pour les besoins de sa maintenance ou en cas de force majeure. En cas d\u2019impossibilit\u00e9 d\u2019acc\u00e8s au service, www.judocamp.fr s\u2019engage \u00e0 faire son maximum afin de r\u00e9tablir l\u2019acc\u00e8s au service et s\u2019efforcera alors de communiquer pr\u00e9alablement aux utilisateurs les dates et heures de l\u2019intervention. N\u2019\u00e9tant soumis qu\u2019\u00e0 une obligation de moyen, www.judocamp.fr ne saurait \u00eatre tenu pour responsable de tout dommage, quelle qu\u2019en soit la nature, r\u00e9sultant d\u2019une indisponibilit\u00e9 du service.<\/p>\n\n\n\n<p><strong>4. Propri\u00e9t\u00e9 intellectuelle :<\/strong><\/p>\n\n\n\n<p>Cap Aventuresest propri\u00e9taire exclusif de tous les droits de propri\u00e9t\u00e9 intellectuelle ou d\u00e9tient les droits d\u2019usage sur tous les \u00e9l\u00e9ments accessibles sur le site, tant sur la structure que sur les textes, images, graphismes, logo, ic\u00f4nes, sons, logiciels\u2026<br>Toute reproduction totale ou partielle du site www.judocamp.fr, repr\u00e9sentation, modification, publication, adaptation totale ou partielle de l\u2019un quelconque de ces \u00e9l\u00e9ments, quel que soit le moyen ou le proc\u00e9d\u00e9 utilis\u00e9, est interdite, sauf autorisation \u00e9crite pr\u00e9alable de [Pr\u00e9nom NOM], propri\u00e9taire du site \u00e0 l\u2019email : <a href=\"mailto:email@mon-site.fr\">contact.judocamp@gmail.com<\/a>, \u00e0 d\u00e9faut elle sera consid\u00e9r\u00e9e comme constitutive d\u2019une contrefa\u00e7on et passible de poursuite conform\u00e9ment aux dispositions des articles L.335-2 et suivants du Code de Propri\u00e9t\u00e9 Intellectuelle.<\/p>\n\n\n\n<p><strong>5. Liens hypertextes et cookies :<\/strong><\/p>\n\n\n\n<p>Le site www.judocamp.fr contient un certain nombre de liens hypertextes vers d\u2019autres sites (partenaires, informations \u2026) mis en place avec l\u2019autorisation de [Pr\u00e9nom NOM]. Cependant, Cap Aventures n\u2019a pas la possibilit\u00e9 de v\u00e9rifier l\u2019ensemble du contenu des sites ainsi visit\u00e9s et d\u00e9cline donc toute responsabilit\u00e9 de ce fait quant aux risques \u00e9ventuels de contenus illicites.<br>L\u2019utilisateur est inform\u00e9 que lors de ses visites sur le site www.judocamp.fr, un ou des cookies sont susceptibles de s\u2019installer automatiquement sur son ordinateur par l\u2019interm\u00e9diaire de son logiciel de navigation. Un cookie est un bloc de donn\u00e9es qui ne permet pas d\u2019identifier l\u2019utilisateur, mais qui enregistre des informations relatives \u00e0 la navigation de celui-ci sur le site.<br>Le param\u00e9trage du logiciel de navigation permet d\u2019informer de la pr\u00e9sence de cookie et \u00e9ventuellement, de la refuser de la mani\u00e8re d\u00e9crite \u00e0 l\u2019adresse suivante : <a href=\"http:\/\/www.cnil.fr\">www.cnil.fr<\/a>. L\u2019utilisateur peut toutefois configurer le navigateur de son ordinateur pour refuser l\u2019installation des cookies, sachant que le refus d\u2019installation d\u2019un cookie peut entra\u00eener l\u2019impossibilit\u00e9 d\u2019acc\u00e9der \u00e0 certains services. Pour tout blocage des cookies, tapez dans votre moteur de recherche : \u00ab&nbsp;blocage des cookies sous [votre navigateur] et suivez les instructions en fonction de votre version.<\/p>\n\n\n\n<p><strong>6. Protection des biens et des personnes \u2013 gestion des donn\u00e9es personnelles :<\/strong><\/p>\n\n\n\n<p>En France, les donn\u00e9es personnelles sont notamment prot\u00e9g\u00e9es par la loi n\u00b0 78-87 du 6 janvier 1978, la loi n\u00b0 2004-801 du 6 ao\u00fbt 2004, l\u2019article L. 226-13 du Code p\u00e9nal et la Directive Europ\u00e9enne du 24 octobre 1995.<\/p>\n\n\n\n<p>Sur le site www.judocamp.fr, Cap Aventures ne collecte des informations personnelles ( suivant l\u2019article 4 loi n\u00b078-17 du 06 janvier 1978) relatives \u00e0 l\u2019utilisateur que pour le besoin de certains services propos\u00e9s par le site www.judocamp.fr. L\u2019utilisateur fournit ces informations en toute connaissance de cause, notamment lorsqu\u2019il proc\u00e8de par lui-m\u00eame \u00e0 leur saisie. Il est alors pr\u00e9cis\u00e9 \u00e0 l\u2019utilisateur du site www.judocamp.fr l\u2019obligation ou non de fournir ces informations.<br>Sur le site www.judocamp.fr , le formulaire de contact envoie un email \u00e0 l\u2019entreprise. Les donn\u00e9es collect\u00e9es sont uniquement utilis\u00e9es par Cap\u2019Aventures \u00e0 des fins commerciales afin de r\u00e9pondre \u00e0 votre demande. Elles ne seront pas conserv\u00e9es si votre demande n\u2019aboutit pas. Conform\u00e9ment aux dispositions des articles 38 et suivants de la loi 78-17 du 6 janvier 1978 relative \u00e0 l\u2019informatique, aux fichiers et aux libert\u00e9s, tout utilisateur dispose d\u2019un droit d\u2019acc\u00e8s, de rectification, de suppression et d\u2019opposition aux donn\u00e9es personnelles le concernant. Pour l\u2019exercer, adressez votre demande \u00e0 www.judocamp.fr par email : <a href=\"mailto:email@mon-site.fr\">contact.judocamp@gmail.com<\/a> ou par \u00e9crit d\u00fbment sign\u00e9e, accompagn\u00e9e d\u2019une copie du titre d\u2019identit\u00e9 avec signature du titulaire de la pi\u00e8ce, en pr\u00e9cisant l\u2019adresse \u00e0 laquelle la r\u00e9ponse doit \u00eatre envoy\u00e9e.<\/p>\n\n\n\n<p>Aucune information personnelle de l\u2019utilisateur du site www.judocamp.fr n\u2019est publi\u00e9e \u00e0 l\u2019insu de l\u2019utilisateur, \u00e9chang\u00e9e, transf\u00e9r\u00e9e, c\u00e9d\u00e9e ou vendue sur un support quelconque \u00e0 des tiers. Seule l\u2019hypoth\u00e8se du rachat du site www.judocamp.fr et de ses droits autorise Cap Aventures\u00e0 transmettre les dites informations \u00e0 l\u2019\u00e9ventuel acqu\u00e9reur qui serait \u00e0 son tour tenu \u00e0 la m\u00eame obligation de conservation et de modification des donn\u00e9es vis \u00e0 vis de l\u2019utilisateur du site www.judocamp.fr.<\/p>\n\n\n\n<p>Les bases de donn\u00e9es sont prot\u00e9g\u00e9es par les dispositions de la loi du 1er juillet 1998 transposant la directive 96\/9 du 11 mars 1996 relative \u00e0 la protection juridique des bases de donn\u00e9es.<\/p>\n","protected":false},"excerpt":{"rendered":"<p>Conform\u00e9ment aux dispositions des articles 6-III et 19 de la Loi n\u00b0 2004-575 du 21 juin 2004 pour la Confiance dans l\u2019\u00e9conomie num\u00e9rique, dite L.C.E.N., nous portons \u00e0 la connaissance des utilisateurs et visiteurs du site : www.judocamp.fr les informations suivantes : 1. Informations l\u00e9gales : Le site www.judocamp.fr est la propri\u00e9t\u00e9 exclusive de Association [&hellip;]<\/p>\n","protected":false},"author":2,"featured_media":0,"parent":0,"menu_order":0,"comment_status":"closed","ping_status":"closed","template":"","meta":{"footnotes":""},"class_list":["post-273","page","type-page","status-publish","hentry"],"yoast_head":"<!-- This site is optimized with the Yoast SEO plugin v27.4 - https:\/\/yoast.com\/product\/yoast-seo-wordpress\/ -->\n<title>Mentions l\u00e9gales - Judocamp<\/title>\n<meta name=\"robots\" content=\"index, follow, max-snippet:-1, max-image-preview:large, max-video-preview:-1\" \/>\n<link rel=\"canonical\" href=\"https:\/\/judocamp.fr\/mentions-legales\/\" \/>\n<meta property=\"og:locale\" content=\"fr_FR\" \/>\n<meta property=\"og:type\" content=\"article\" \/>\n<meta property=\"og:title\" content=\"Mentions l\u00e9gales - Judocamp\" \/>\n<meta property=\"og:description\" content=\"Conform\u00e9ment aux dispositions des articles 6-III et 19 de la Loi n\u00b0 2004-575 du 21 juin 2004 pour la Confiance dans l\u2019\u00e9conomie num\u00e9rique, dite L.C.E.N., nous portons \u00e0 la connaissance des utilisateurs et visiteurs du site : www.judocamp.fr les informations suivantes : 1. Informations l\u00e9gales : Le site www.judocamp.fr est la propri\u00e9t\u00e9 exclusive de Association [&hellip;]\" \/>\n<meta property=\"og:url\" content=\"https:\/\/judocamp.fr\/mentions-legales\/\" \/>\n<meta property=\"og:site_name\" content=\"Judocamp\" \/>\n<meta property=\"article:modified_time\" content=\"2023-01-04T09:34:59+00:00\" \/>\n<meta name=\"twitter:card\" content=\"summary_large_image\" \/>\n<meta name=\"twitter:label1\" content=\"Dur\u00e9e de lecture estim\u00e9e\" \/>\n\t<meta name=\"twitter:data1\" content=\"6 minutes\" \/>\n<script type=\"application\/ld+json\" class=\"yoast-schema-graph\">{\"@context\":\"https:\\\/\\\/schema.org\",\"@graph\":[{\"@type\":\"WebPage\",\"@id\":\"https:\\\/\\\/judocamp.fr\\\/mentions-legales\\\/\",\"url\":\"https:\\\/\\\/judocamp.fr\\\/mentions-legales\\\/\",\"name\":\"Mentions l\u00e9gales - Judocamp\",\"isPartOf\":{\"@id\":\"https:\\\/\\\/judocamp.fr\\\/#website\"},\"datePublished\":\"2022-12-15T11:52:25+00:00\",\"dateModified\":\"2023-01-04T09:34:59+00:00\",\"breadcrumb\":{\"@id\":\"https:\\\/\\\/judocamp.fr\\\/mentions-legales\\\/#breadcrumb\"},\"inLanguage\":\"fr-FR\",\"potentialAction\":[{\"@type\":\"ReadAction\",\"target\":[\"https:\\\/\\\/judocamp.fr\\\/mentions-legales\\\/\"]}]},{\"@type\":\"BreadcrumbList\",\"@id\":\"https:\\\/\\\/judocamp.fr\\\/mentions-legales\\\/#breadcrumb\",\"itemListElement\":[{\"@type\":\"ListItem\",\"position\":1,\"name\":\"Accueil\",\"item\":\"https:\\\/\\\/judocamp.fr\\\/\"},{\"@type\":\"ListItem\",\"position\":2,\"name\":\"Mentions l\u00e9gales\"}]},{\"@type\":\"WebSite\",\"@id\":\"https:\\\/\\\/judocamp.fr\\\/#website\",\"url\":\"https:\\\/\\\/judocamp.fr\\\/\",\"name\":\"Judocamp\",\"description\":\"Stage de judo \u00e0 Tr\u00e9ffieux en Loire Atlantique\",\"publisher\":{\"@id\":\"https:\\\/\\\/judocamp.fr\\\/#organization\"},\"potentialAction\":[{\"@type\":\"SearchAction\",\"target\":{\"@type\":\"EntryPoint\",\"urlTemplate\":\"https:\\\/\\\/judocamp.fr\\\/?s={search_term_string}\"},\"query-input\":{\"@type\":\"PropertyValueSpecification\",\"valueRequired\":true,\"valueName\":\"search_term_string\"}}],\"inLanguage\":\"fr-FR\"},{\"@type\":\"Organization\",\"@id\":\"https:\\\/\\\/judocamp.fr\\\/#organization\",\"name\":\"Judocamp\",\"url\":\"https:\\\/\\\/judocamp.fr\\\/\",\"logo\":{\"@type\":\"ImageObject\",\"inLanguage\":\"fr-FR\",\"@id\":\"https:\\\/\\\/judocamp.fr\\\/#\\\/schema\\\/logo\\\/image\\\/\",\"url\":\"https:\\\/\\\/judocamp.fr\\\/wp-content\\\/uploads\\\/2022\\\/12\\\/judocamp-stage-sportif-treffieux-loire-atlantique-logo-contour.png\",\"contentUrl\":\"https:\\\/\\\/judocamp.fr\\\/wp-content\\\/uploads\\\/2022\\\/12\\\/judocamp-stage-sportif-treffieux-loire-atlantique-logo-contour.png\",\"width\":800,\"height\":1288,\"caption\":\"Judocamp\"},\"image\":{\"@id\":\"https:\\\/\\\/judocamp.fr\\\/#\\\/schema\\\/logo\\\/image\\\/\"}}]}<\/script>\n<!-- \/ Yoast SEO plugin. -->","yoast_head_json":{"title":"Mentions l\u00e9gales - Judocamp","robots":{"index":"index","follow":"follow","max-snippet":"max-snippet:-1","max-image-preview":"max-image-preview:large","max-video-preview":"max-video-preview:-1"},"canonical":"https:\/\/judocamp.fr\/mentions-legales\/","og_locale":"fr_FR","og_type":"article","og_title":"Mentions l\u00e9gales - Judocamp","og_description":"Conform\u00e9ment aux dispositions des articles 6-III et 19 de la Loi n\u00b0 2004-575 du 21 juin 2004 pour la Confiance dans l\u2019\u00e9conomie num\u00e9rique, dite L.C.E.N., nous portons \u00e0 la connaissance des utilisateurs et visiteurs du site : www.judocamp.fr les informations suivantes : 1. Informations l\u00e9gales : Le site www.judocamp.fr est la propri\u00e9t\u00e9 exclusive de Association [&hellip;]","og_url":"https:\/\/judocamp.fr\/mentions-legales\/","og_site_name":"Judocamp","article_modified_time":"2023-01-04T09:34:59+00:00","twitter_card":"summary_large_image","twitter_misc":{"Dur\u00e9e de lecture estim\u00e9e":"6 minutes"},"schema":{"@context":"https:\/\/schema.org","@graph":[{"@type":"WebPage","@id":"https:\/\/judocamp.fr\/mentions-legales\/","url":"https:\/\/judocamp.fr\/mentions-legales\/","name":"Mentions l\u00e9gales - Judocamp","isPartOf":{"@id":"https:\/\/judocamp.fr\/#website"},"datePublished":"2022-12-15T11:52:25+00:00","dateModified":"2023-01-04T09:34:59+00:00","breadcrumb":{"@id":"https:\/\/judocamp.fr\/mentions-legales\/#breadcrumb"},"inLanguage":"fr-FR","potentialAction":[{"@type":"ReadAction","target":["https:\/\/judocamp.fr\/mentions-legales\/"]}]},{"@type":"BreadcrumbList","@id":"https:\/\/judocamp.fr\/mentions-legales\/#breadcrumb","itemListElement":[{"@type":"ListItem","position":1,"name":"Accueil","item":"https:\/\/judocamp.fr\/"},{"@type":"ListItem","position":2,"name":"Mentions l\u00e9gales"}]},{"@type":"WebSite","@id":"https:\/\/judocamp.fr\/#website","url":"https:\/\/judocamp.fr\/","name":"Judocamp","description":"Stage de judo \u00e0 Tr\u00e9ffieux en Loire Atlantique","publisher":{"@id":"https:\/\/judocamp.fr\/#organization"},"potentialAction":[{"@type":"SearchAction","target":{"@type":"EntryPoint","urlTemplate":"https:\/\/judocamp.fr\/?s={search_term_string}"},"query-input":{"@type":"PropertyValueSpecification","valueRequired":true,"valueName":"search_term_string"}}],"inLanguage":"fr-FR"},{"@type":"Organization","@id":"https:\/\/judocamp.fr\/#organization","name":"Judocamp","url":"https:\/\/judocamp.fr\/","logo":{"@type":"ImageObject","inLanguage":"fr-FR","@id":"https:\/\/judocamp.fr\/#\/schema\/logo\/image\/","url":"https:\/\/judocamp.fr\/wp-content\/uploads\/2022\/12\/judocamp-stage-sportif-treffieux-loire-atlantique-logo-contour.png","contentUrl":"https:\/\/judocamp.fr\/wp-content\/uploads\/2022\/12\/judocamp-stage-sportif-treffieux-loire-atlantique-logo-contour.png","width":800,"height":1288,"caption":"Judocamp"},"image":{"@id":"https:\/\/judocamp.fr\/#\/schema\/logo\/image\/"}}]}},"_links":{"self":[{"href":"https:\/\/judocamp.fr\/wp-json\/wp\/v2\/pages\/273","targetHints":{"allow":["GET"]}}],"collection":[{"href":"https:\/\/judocamp.fr\/wp-json\/wp\/v2\/pages"}],"about":[{"href":"https:\/\/judocamp.fr\/wp-json\/wp\/v2\/types\/page"}],"author":[{"embeddable":true,"href":"https:\/\/judocamp.fr\/wp-json\/wp\/v2\/users\/2"}],"replies":[{"embeddable":true,"href":"https:\/\/judocamp.fr\/wp-json\/wp\/v2\/comments?post=273"}],"version-history":[{"count":3,"href":"https:\/\/judocamp.fr\/wp-json\/wp\/v2\/pages\/273\/revisions"}],"predecessor-version":[{"id":498,"href":"https:\/\/judocamp.fr\/wp-json\/wp\/v2\/pages\/273\/revisions\/498"}],"wp:attachment":[{"href":"https:\/\/judocamp.fr\/wp-json\/wp\/v2\/media?parent=273"}],"curies":[{"name":"wp","href":"https:\/\/api.w.org\/{rel}","templated":true}]}}